{"id":163,"date":"2025-06-14T18:21:31","date_gmt":"2025-06-14T18:21:31","guid":{"rendered":"https:\/\/menjiii.com\/?page_id=163"},"modified":"2025-09-11T10:59:52","modified_gmt":"2025-09-11T10:59:52","slug":"163-2","status":"publish","type":"page","link":"https:\/\/menjiii.com\/fr\/163-2\/","title":{"rendered":"Politique de Confidentialit\u00e9"},"content":{"rendered":"<section class=\"section\" id=\"section_236129914\">\n\t\t<div class=\"section-bg fill\" >\n\t\t\t\t\t\t\t\t\t\n\t\t\t\n\n\t\t<\/div>\n\n\t\t\n\n\t\t<div class=\"section-content relative\">\n\t\t\t\n\n\t<div id=\"gap-1847893821\" class=\"gap-element clearfix\" style=\"display:block; height:auto;\">\n\t\t\n<style>\n#gap-1847893821 {\n  padding-top: 30px;\n}\n<\/style>\n\t<\/div>\n\t\n\n<div class=\"row\"  id=\"row-1044854621\">\n\n\n\t<div id=\"col-1198769910\" class=\"col medium-4 small-12 large-4\"  >\n\t\t\t\t<div class=\"col-inner\"  >\n\t\t\t\n\t\t\t\n\n\t<div id=\"text-768566980\" class=\"text\">\n\t\t\n\n<h2>Politique de Confidentialit\u00e9<\/h2>\n\t\t\n<style>\n#text-768566980 {\n  font-size: 0.85rem;\n}\n<\/style>\n\t<\/div>\n\t\n\n\t\t<\/div>\n\t\t\t\t\t<\/div>\n\n\t\n\n\t<div id=\"col-1405424385\" class=\"col medium-8 small-12 large-8\"  >\n\t\t\t\t<div class=\"col-inner\"  >\n\t\t\t\n\t\t\t\n\n<h3 data-start=\"308\" data-end=\"353\">Politique de confidentialit\u00e9 Menjiii<\/h3>\n<p data-start=\"354\" data-end=\"393\"><strong data-start=\"354\" data-end=\"393\">Derni\u00e8re mise \u00e0 jour : 11 septembre 2025<\/strong><\/p>\n<p data-start=\"395\" data-end=\"675\">La pr\u00e9sente politique de confidentialit\u00e9 a pour objet d\u2019informer les utilisateurs du site <strong data-start=\"485\" data-end=\"504\"><a class=\"\" href=\"https:\/\/menjiii.com\/fr\/\" target=\"_new\" rel=\"noopener\" data-start=\"487\" data-end=\"502\">www.menjiii.com<\/a><\/strong>, propri\u00e9t\u00e9 de la soci\u00e9t\u00e9 Menjiii, situ\u00e9e \u00e0 Kinshasa-Gombe (RDC), des modalit\u00e9s de collecte, de traitement, de conservation et de protection de leurs donn\u00e9es personnelles.<\/p>\n<h3 data-start=\"677\" data-end=\"711\">1. Responsable du traitement<\/h3>\n<p data-start=\"712\" data-end=\"879\">Le responsable du traitement des donn\u00e9es personnelles est :<br data-start=\"771\" data-end=\"774\" \/><strong data-start=\"774\" data-end=\"785\">Menjiii<\/strong><br data-start=\"785\" data-end=\"788\" \/>Adresse : Kinshasa-Gombe, RDC<br data-start=\"817\" data-end=\"820\" \/>E-mail : <a class=\"cursor-pointer\" rel=\"noopener\" data-start=\"829\" data-end=\"848\">contact@menjiii.com<\/a><br data-start=\"848\" data-end=\"851\" \/>T\u00e9l\u00e9phone : +243 814852817<\/p>\n<h3 data-start=\"881\" data-end=\"908\">2. Donn\u00e9es collect\u00e9es<\/h3>\n<p data-start=\"909\" data-end=\"958\">Les donn\u00e9es suivantes peuvent \u00eatre collect\u00e9es :<\/p>\n<ul data-start=\"959\" data-end=\"1238\">\n<li data-start=\"959\" data-end=\"976\">\n<p data-start=\"961\" data-end=\"976\">Nom et pr\u00e9nom<\/p>\n<\/li>\n<li data-start=\"977\" data-end=\"995\">\n<p data-start=\"979\" data-end=\"995\">Adresse e-mail<\/p>\n<\/li>\n<li data-start=\"996\" data-end=\"1015\">\n<p data-start=\"998\" data-end=\"1015\">Adresse postale<\/p>\n<\/li>\n<li data-start=\"1016\" data-end=\"1039\">\n<p data-start=\"1018\" data-end=\"1039\">Num\u00e9ro de t\u00e9l\u00e9phone<\/p>\n<\/li>\n<li data-start=\"1040\" data-end=\"1126\">\n<p data-start=\"1042\" data-end=\"1126\">Donn\u00e9es de paiement (type de carte ou m\u00e9thode, \u00e0 l\u2019exclusion des num\u00e9ros complets)<\/p>\n<\/li>\n<li data-start=\"1127\" data-end=\"1155\">\n<p data-start=\"1129\" data-end=\"1155\">Historique des commandes<\/p>\n<\/li>\n<li data-start=\"1156\" data-end=\"1170\">\n<p data-start=\"1158\" data-end=\"1170\">Adresse IP<\/p>\n<\/li>\n<li data-start=\"1171\" data-end=\"1211\">\n<p data-start=\"1173\" data-end=\"1211\">Informations de navigation (cookies)<\/p>\n<\/li>\n<li data-start=\"1212\" data-end=\"1238\">\n<p data-start=\"1214\" data-end=\"1238\">\u00c2ge ou date de naissance<\/p>\n<\/li>\n<\/ul>\n<h3 data-start=\"1240\" data-end=\"1272\">3. Finalit\u00e9s du traitement<\/h3>\n<p data-start=\"1273\" data-end=\"1321\">Les donn\u00e9es sont trait\u00e9es aux fins suivantes :<\/p>\n<ul data-start=\"1322\" data-end=\"1546\">\n<li data-start=\"1322\" data-end=\"1364\">\n<p data-start=\"1324\" data-end=\"1364\">Traitement des commandes et livraisons<\/p>\n<\/li>\n<li data-start=\"1365\" data-end=\"1383\">\n<p data-start=\"1367\" data-end=\"1383\">Service client<\/p>\n<\/li>\n<li data-start=\"1384\" data-end=\"1462\">\n<p data-start=\"1386\" data-end=\"1462\">Communication commerciale et promotionnelle (sous r\u00e9serve de consentement)<\/p>\n<\/li>\n<li data-start=\"1463\" data-end=\"1527\">\n<p data-start=\"1465\" data-end=\"1527\">Am\u00e9lioration de la navigation et de l\u2019exp\u00e9rience utilisateur<\/p>\n<\/li>\n<li data-start=\"1528\" data-end=\"1546\">\n<p data-start=\"1530\" data-end=\"1546\">S\u00e9curit\u00e9 du site<\/p>\n<\/li>\n<\/ul>\n<h3 data-start=\"1548\" data-end=\"1568\">4. Base l\u00e9gale<\/h3>\n<p data-start=\"1569\" data-end=\"1604\">Les traitements sont fond\u00e9s sur :<\/p>\n<ul data-start=\"1605\" data-end=\"1775\">\n<li data-start=\"1605\" data-end=\"1655\">\n<p data-start=\"1607\" data-end=\"1655\">L\u2019ex\u00e9cution d\u2019un contrat (commande, livraison)<\/p>\n<\/li>\n<li data-start=\"1656\" data-end=\"1720\">\n<p data-start=\"1658\" data-end=\"1720\">Le consentement (notamment pour les cookies et le marketing)<\/p>\n<\/li>\n<li data-start=\"1721\" data-end=\"1775\">\n<p data-start=\"1723\" data-end=\"1775\">L\u2019int\u00e9r\u00eat l\u00e9gitime (s\u00e9curit\u00e9, analyses statistiques)<\/p>\n<\/li>\n<\/ul>\n<h3 data-start=\"1777\" data-end=\"1811\">5. Destinataires des donn\u00e9es<\/h3>\n<p data-start=\"1812\" data-end=\"1987\">Menjiii s\u2019engage \u00e0 ne pas transmettre vos donn\u00e9es personnelles \u00e0 des tiers, sauf en cas de n\u00e9cessit\u00e9 l\u00e9gale ou technique (ex. : h\u00e9bergeur web, solution de paiement s\u00e9curis\u00e9e).<\/p>\n<h3 data-start=\"1989\" data-end=\"2019\">6. Dur\u00e9e de conservation<\/h3>\n<ul data-start=\"2020\" data-end=\"2128\">\n<li data-start=\"2020\" data-end=\"2074\">\n<p data-start=\"2022\" data-end=\"2074\">Donn\u00e9es clients : 3 ans apr\u00e8s la derni\u00e8re activit\u00e9<\/p>\n<\/li>\n<li data-start=\"2075\" data-end=\"2128\">\n<p data-start=\"2077\" data-end=\"2128\">Donn\u00e9es de facturation : 10 ans (obligation l\u00e9gale)<\/p>\n<\/li>\n<\/ul>\n<h3 data-start=\"2130\" data-end=\"2159\">7. S\u00e9curit\u00e9 des donn\u00e9es<\/h3>\n<p data-start=\"2160\" data-end=\"2293\">Les donn\u00e9es sont prot\u00e9g\u00e9es \u00e0 l\u2019aide de protocoles de s\u00e9curit\u00e9, dont le chiffrement SSL pour s\u00e9curiser la navigation et les paiements.<\/p>\n<h3 data-start=\"2295\" data-end=\"2311\">8. Cookies<\/h3>\n<p data-start=\"2312\" data-end=\"2357\">Le site utilise des cookies \u00e0 des fins de :<\/p>\n<ul data-start=\"2358\" data-end=\"2463\">\n<li data-start=\"2358\" data-end=\"2396\">\n<p data-start=\"2360\" data-end=\"2396\">Gestion du panier et de la session<\/p>\n<\/li>\n<li data-start=\"2397\" data-end=\"2422\">\n<p data-start=\"2399\" data-end=\"2422\">Analyse de l\u2019audience<\/p>\n<\/li>\n<li data-start=\"2423\" data-end=\"2463\">\n<p data-start=\"2425\" data-end=\"2463\">Affichage de publicit\u00e9s personnalis\u00e9es<\/p>\n<\/li>\n<\/ul>\n<p data-start=\"2465\" data-end=\"2542\">L\u2019utilisateur peut g\u00e9rer les cookies depuis les param\u00e8tres de son navigateur.<\/p>\n<h3 data-start=\"2544\" data-end=\"2576\">9. Droits des utilisateurs<\/h3>\n<p data-start=\"2577\" data-end=\"2650\">Conform\u00e9ment aux textes en vigueur, vous disposez des droits suivants :<\/p>\n<ul data-start=\"2651\" data-end=\"2830\">\n<li data-start=\"2651\" data-end=\"2688\">\n<p data-start=\"2653\" data-end=\"2688\">Acc\u00e8s, rectification, suppression<\/p>\n<\/li>\n<li data-start=\"2689\" data-end=\"2717\">\n<p data-start=\"2691\" data-end=\"2717\">Opposition au traitement<\/p>\n<\/li>\n<li data-start=\"2718\" data-end=\"2830\">\n<p data-start=\"2720\" data-end=\"2830\">Limitation ou portabilit\u00e9 des donn\u00e9es<br data-start=\"2757\" data-end=\"2760\" \/>Ces droits peuvent \u00eatre exerc\u00e9s par e-mail \u00e0 : <strong data-start=\"2807\" data-end=\"2830\"><a class=\"cursor-pointer\" rel=\"noopener\" data-start=\"2809\" data-end=\"2828\">contact@menjiii.com<\/a><\/strong><\/p>\n<\/li>\n<\/ul>\n<h3 data-start=\"2832\" data-end=\"2863\">10. Transfert des donn\u00e9es<\/h3>\n<p data-start=\"2864\" data-end=\"3051\">Bien que la soci\u00e9t\u00e9 soit situ\u00e9e en RDC, le site est accessible depuis l\u2019international. Les traitements respectent les principes de protection applicables, y compris le RGPD si n\u00e9cessaire.<\/p>\n\n\t\t<\/div>\n\t\t\t\t\t<\/div>\n\n\t\n\n<\/div>\n\n\t\t<\/div>\n\n\t\t\n<style>\n#section_236129914 {\n  padding-top: 30px;\n  padding-bottom: 30px;\n}\n<\/style>\n\t<\/section>","protected":false},"excerpt":{"rendered":"","protected":false},"author":1,"featured_media":0,"parent":0,"menu_order":0,"comment_status":"closed","ping_status":"closed","template":"","meta":{"nf_dc_page":"","footnotes":""},"class_list":["post-163","page","type-page","status-publish","hentry"],"_links":{"self":[{"href":"https:\/\/menjiii.com\/fr\/wp-json\/wp\/v2\/pages\/163","targetHints":{"allow":["GET"]}}],"collection":[{"href":"https:\/\/menjiii.com\/fr\/wp-json\/wp\/v2\/pages"}],"about":[{"href":"https:\/\/menjiii.com\/fr\/wp-json\/wp\/v2\/types\/page"}],"author":[{"embeddable":true,"href":"https:\/\/menjiii.com\/fr\/wp-json\/wp\/v2\/users\/1"}],"replies":[{"embeddable":true,"href":"https:\/\/menjiii.com\/fr\/wp-json\/wp\/v2\/comments?post=163"}],"version-history":[{"count":5,"href":"https:\/\/menjiii.com\/fr\/wp-json\/wp\/v2\/pages\/163\/revisions"}],"predecessor-version":[{"id":1350,"href":"https:\/\/menjiii.com\/fr\/wp-json\/wp\/v2\/pages\/163\/revisions\/1350"}],"wp:attachment":[{"href":"https:\/\/menjiii.com\/fr\/wp-json\/wp\/v2\/media?parent=163"}],"curies":[{"name":"wp","href":"https:\/\/api.w.org\/{rel}","templated":true}]}}