{"id":1003,"date":"2025-09-05T09:50:28","date_gmt":"2025-09-05T09:50:28","guid":{"rendered":"https:\/\/menjiii.com\/?post_type=product&#038;p=1003"},"modified":"2025-10-18T00:02:14","modified_gmt":"2025-10-18T00:02:14","slug":"lot-de-12-bavettes-coton-pour-bebe-motifs-etoiles-nuages-et-abeilles","status":"publish","type":"product","link":"https:\/\/menjiii.com\/fr\/produit\/lot-de-12-bavettes-coton-pour-bebe-motifs-etoiles-nuages-et-abeilles\/","title":{"rendered":"Lot de 12 Bavettes Coton pour B\u00e9b\u00e9 Motifs \u00c9toiles, Nuages et Abeilles"},"content":{"rendered":"<p>Ne soyez plus jamais \u00e0 court de bavettes avec ce lot de 12 pi\u00e8ces ! Parfait pour les parents qui veulent un style, un confort et une praticit\u00e9 au quotidien, cet ensemble est con\u00e7u pour les repas et les petites r\u00e9gurgitations. Chaque bavette est fait de coton doux et respirant, qui est doux pour la peau d\u00e9licate de b\u00e9b\u00e9.<\/p>\n<p>Le lot comprend :<\/p>\n<ul>\n<li><b>4 bavettes avec des \u00e9toiles<\/b>, dans des tons neutres.<\/li>\n<li><b>4 bavettes avec des nuages<\/b>, parfaits pour un style doux.<\/li>\n<li><b>4 bavettes avec des abeilles<\/b> adorables, pour une touche de fantaisie.<\/li>\n<\/ul>\n<p>Gr\u00e2ce \u00e0 ses motifs vari\u00e9s et ses couleurs douces, cet ensemble de bavettes est \u00e0 la fois pratique et \u00e0 la mode. Ils sont dot\u00e9s d&#8217;une fermeture par attache simple, pour les rendre faciles \u00e0 mettre et \u00e0 enlever. C&#8217;est le cadeau de naissance id\u00e9al pour les parents qui pr\u00e9f\u00e8rent les tons neutres et les articles pratiques.<\/p>","protected":false},"excerpt":{"rendered":"<p>Id\u00e9al pour les repas quotidiens, ce grand ensemble de 12 bavettes pour b\u00e9b\u00e9 est un must-have. Il comprend des bavettes aux motifs vari\u00e9s comme des \u00e9toiles, des nuages et des abeilles, parfaits pour garder les v\u00eatements de votre enfant propres. Doux, pratiques et mignons, ils sont le cadeau parfait pour une baby shower ou un cadeau de naissance.<\/p>","protected":false},"featured_media":1006,"comment_status":"open","ping_status":"closed","template":"","meta":{"nf_dc_page":""},"product_brand":[],"product_cat":[50,27],"product_tag":[],"class_list":{"0":"post-1003","1":"product","2":"type-product","3":"status-publish","4":"has-post-thumbnail","6":"product_cat-bavettes","7":"product_cat-bebe","9":"first","10":"instock","11":"taxable","12":"shipping-taxable","13":"purchasable","14":"product-type-variable"},"_links":{"self":[{"href":"https:\/\/menjiii.com\/fr\/wp-json\/wp\/v2\/product\/1003","targetHints":{"allow":["GET"]}}],"collection":[{"href":"https:\/\/menjiii.com\/fr\/wp-json\/wp\/v2\/product"}],"about":[{"href":"https:\/\/menjiii.com\/fr\/wp-json\/wp\/v2\/types\/product"}],"replies":[{"embeddable":true,"href":"https:\/\/menjiii.com\/fr\/wp-json\/wp\/v2\/comments?post=1003"}],"wp:featuredmedia":[{"embeddable":true,"href":"https:\/\/menjiii.com\/fr\/wp-json\/wp\/v2\/media\/1006"}],"wp:attachment":[{"href":"https:\/\/menjiii.com\/fr\/wp-json\/wp\/v2\/media?parent=1003"}],"wp:term":[{"taxonomy":"product_brand","embeddable":true,"href":"https:\/\/menjiii.com\/fr\/wp-json\/wp\/v2\/product_brand?post=1003"},{"taxonomy":"product_cat","embeddable":true,"href":"https:\/\/menjiii.com\/fr\/wp-json\/wp\/v2\/product_cat?post=1003"},{"taxonomy":"product_tag","embeddable":true,"href":"https:\/\/menjiii.com\/fr\/wp-json\/wp\/v2\/product_tag?post=1003"}],"curies":[{"name":"wp","href":"https:\/\/api.w.org\/{rel}","templated":true}]}}