{"id":1046,"date":"2025-09-06T08:58:05","date_gmt":"2025-09-06T08:58:05","guid":{"rendered":"https:\/\/menjiii.com\/?post_type=product&#038;p=1046"},"modified":"2025-10-18T00:02:13","modified_gmt":"2025-10-18T00:02:13","slug":"lot-de-5-bodys-bebe-coton-blanc-a-manches-longues","status":"publish","type":"product","link":"https:\/\/menjiii.com\/fr\/produit\/lot-de-5-bodys-bebe-coton-blanc-a-manches-longues\/","title":{"rendered":"Lot de 5 Bodys B\u00e9b\u00e9 Coton Blanc \u00e0 Manches Longues"},"content":{"rendered":"<p>Ne soyez plus jamais \u00e0 court de bodys propres gr\u00e2ce \u00e0 cet ensemble pratique de cinq bodys en coton, un essentiel de la garde-robe de tout nouveau-n\u00e9. Con\u00e7us pour le confort et la facilit\u00e9 d&#8217;utilisation, ces bodys sont fabriqu\u00e9s \u00e0 partir d&#8217;un coton doux et respirant, id\u00e9al pour la peau sensible de votre b\u00e9b\u00e9.<\/p>\n<p>Cet ensemble est un ajout essentiel \u00e0 la collection de base de votre enfant, parfait pour un usage quotidien. Les bodys peuvent \u00eatre port\u00e9s seuls pendant les journ\u00e9es chaudes ou comme couche de base sous les v\u00eatements lors des journ\u00e9es plus fra\u00eeches.<\/p>\n<p>Les bodys inclus :<\/p>\n<ul>\n<li><b>5 bodys blancs classiques<\/b>, qui se marient facilement avec toutes les tenues.<\/li>\n<\/ul>\n<p>Leur conception simple et \u00e9l\u00e9gante, avec des manches longues et des boutons-pression au niveau de l&#8217;entrejambe, rend le changement de couches rapide et facile. Cet ensemble est le cadeau id\u00e9al pour une baby shower, assurant aux nouveaux parents d&#8217;avoir toujours un body propre \u00e0 port\u00e9e de main.<\/p>","protected":false},"excerpt":{"rendered":"<p>Un ensemble pratique et essentiel de cinq bodys \u00e0 manches longues pour b\u00e9b\u00e9, de couleur blanche. Fabriqu\u00e9s en coton doux et confortable, ils sont parfaits pour les peaux d\u00e9licates et peuvent \u00eatre port\u00e9s en toute saison, seuls ou sous d&#8217;autres v\u00eatements. C&#8217;est l&#8217;ensemble id\u00e9al \u00e0 avoir pour tous les jours ou pour un cadeau de naissance.<\/p>","protected":false},"featured_media":1054,"comment_status":"open","ping_status":"closed","template":"","meta":{"nf_dc_page":""},"product_brand":[],"product_cat":[27,33],"product_tag":[],"class_list":{"0":"post-1046","1":"product","2":"type-product","3":"status-publish","4":"has-post-thumbnail","6":"product_cat-bebe","7":"product_cat-body-barboteuse","9":"first","10":"instock","11":"sale","12":"taxable","13":"shipping-taxable","14":"purchasable","15":"product-type-variable"},"_links":{"self":[{"href":"https:\/\/menjiii.com\/fr\/wp-json\/wp\/v2\/product\/1046","targetHints":{"allow":["GET"]}}],"collection":[{"href":"https:\/\/menjiii.com\/fr\/wp-json\/wp\/v2\/product"}],"about":[{"href":"https:\/\/menjiii.com\/fr\/wp-json\/wp\/v2\/types\/product"}],"replies":[{"embeddable":true,"href":"https:\/\/menjiii.com\/fr\/wp-json\/wp\/v2\/comments?post=1046"}],"wp:featuredmedia":[{"embeddable":true,"href":"https:\/\/menjiii.com\/fr\/wp-json\/wp\/v2\/media\/1054"}],"wp:attachment":[{"href":"https:\/\/menjiii.com\/fr\/wp-json\/wp\/v2\/media?parent=1046"}],"wp:term":[{"taxonomy":"product_brand","embeddable":true,"href":"https:\/\/menjiii.com\/fr\/wp-json\/wp\/v2\/product_brand?post=1046"},{"taxonomy":"product_cat","embeddable":true,"href":"https:\/\/menjiii.com\/fr\/wp-json\/wp\/v2\/product_cat?post=1046"},{"taxonomy":"product_tag","embeddable":true,"href":"https:\/\/menjiii.com\/fr\/wp-json\/wp\/v2\/product_tag?post=1046"}],"curies":[{"name":"wp","href":"https:\/\/api.w.org\/{rel}","templated":true}]}}