{"id":1102,"date":"2025-09-06T09:44:16","date_gmt":"2025-09-06T09:44:16","guid":{"rendered":"https:\/\/menjiii.com\/?post_type=product&#038;p=1102"},"modified":"2025-10-18T00:02:13","modified_gmt":"2025-10-18T00:02:13","slug":"lot-de-12-paires-de-chaussettes-bebe-couleurs-neutres-et-pastel","status":"publish","type":"product","link":"https:\/\/menjiii.com\/fr\/produit\/lot-de-12-paires-de-chaussettes-bebe-couleurs-neutres-et-pastel\/","title":{"rendered":"Lot de 12 paires de Chaussettes B\u00e9b\u00e9 Couleurs Neutres et Pastel"},"content":{"rendered":"<p>Gardez les petits pieds de votre b\u00e9b\u00e9 au chaud et confortables avec ce lot g\u00e9n\u00e9reux de 12 paires de chaussettes. Indispensables pour les premiers mois de la vie de votre enfant, ces chaussettes sont fabriqu\u00e9es avec un tissu doux et respirant pour assurer un confort maximal sans irriter la peau sensible de b\u00e9b\u00e9.<\/p>\n<p>Ce lot vari\u00e9 comprend des paires de chaussettes aux couleurs qui se marient avec tout :<\/p>\n<ul>\n<li><b>Blanc cass\u00e9<\/b><\/li>\n<li><b>Bleu pastel<\/b><\/li>\n<li><b>Gris<\/b><\/li>\n<li><b>Beige<\/b><\/li>\n<li><b>Noir<\/b><\/li>\n<\/ul>\n<p>Gr\u00e2ce \u00e0 leur revers souple, les chaussettes restent bien en place sans serrer la jambe de b\u00e9b\u00e9. Elles sont parfaites pour \u00eatre port\u00e9es avec des pyjamas, des bodys ou de petites tenues. Avec douze paires dans ce lot, vous aurez toujours une paire propre sous la main, ce qui est parfait pour les parents qui veulent un quotidien pratique.<\/p>","protected":false},"excerpt":{"rendered":"<p>Un ensemble pratique et essentiel de 12 paires de chaussettes pour b\u00e9b\u00e9. Con\u00e7ues pour le confort, elles sont douces et disponibles en une vari\u00e9t\u00e9 de couleurs neutres et pastel pour s&#8217;accorder avec toutes les tenues. C&#8217;est le cadeau de naissance id\u00e9al ou un indispensable pour la garde-robe de votre b\u00e9b\u00e9.<\/p>","protected":false},"featured_media":1113,"comment_status":"open","ping_status":"closed","template":"","meta":{"nf_dc_page":""},"product_brand":[],"product_cat":[27,40],"product_tag":[],"class_list":{"0":"post-1102","1":"product","2":"type-product","3":"status-publish","4":"has-post-thumbnail","6":"product_cat-bebe","7":"product_cat-chaussettes","9":"first","10":"instock","11":"sale","12":"taxable","13":"shipping-taxable","14":"purchasable","15":"product-type-variable"},"_links":{"self":[{"href":"https:\/\/menjiii.com\/fr\/wp-json\/wp\/v2\/product\/1102","targetHints":{"allow":["GET"]}}],"collection":[{"href":"https:\/\/menjiii.com\/fr\/wp-json\/wp\/v2\/product"}],"about":[{"href":"https:\/\/menjiii.com\/fr\/wp-json\/wp\/v2\/types\/product"}],"replies":[{"embeddable":true,"href":"https:\/\/menjiii.com\/fr\/wp-json\/wp\/v2\/comments?post=1102"}],"wp:featuredmedia":[{"embeddable":true,"href":"https:\/\/menjiii.com\/fr\/wp-json\/wp\/v2\/media\/1113"}],"wp:attachment":[{"href":"https:\/\/menjiii.com\/fr\/wp-json\/wp\/v2\/media?parent=1102"}],"wp:term":[{"taxonomy":"product_brand","embeddable":true,"href":"https:\/\/menjiii.com\/fr\/wp-json\/wp\/v2\/product_brand?post=1102"},{"taxonomy":"product_cat","embeddable":true,"href":"https:\/\/menjiii.com\/fr\/wp-json\/wp\/v2\/product_cat?post=1102"},{"taxonomy":"product_tag","embeddable":true,"href":"https:\/\/menjiii.com\/fr\/wp-json\/wp\/v2\/product_tag?post=1102"}],"curies":[{"name":"wp","href":"https:\/\/api.w.org\/{rel}","templated":true}]}}