{"id":1114,"date":"2025-09-06T09:56:39","date_gmt":"2025-09-06T09:56:39","guid":{"rendered":"https:\/\/menjiii.com\/?post_type=product&#038;p=1114"},"modified":"2025-10-31T14:11:26","modified_gmt":"2025-10-31T14:11:26","slug":"lot-de-6-paires-de-chaussettes-bebe-couleurs-mixtes","status":"publish","type":"product","link":"https:\/\/menjiii.com\/fr\/produit\/lot-de-6-paires-de-chaussettes-bebe-couleurs-mixtes\/","title":{"rendered":"Lot de 6 paires de Chaussettes B\u00e9b\u00e9 Couleurs Mixtes"},"content":{"rendered":"<p>Gardez les petits pieds de votre b\u00e9b\u00e9 au chaud et confortables avec ce lot de 6 paires de chaussettes. Indispensables pour les premiers mois de la vie de votre enfant, ces chaussettes sont con\u00e7ues pour \u00eatre douces et respirantes, parfaites pour la peau d\u00e9licate de b\u00e9b\u00e9.<\/p>\n<p>Ce lot comprend six paires de chaussettes, chacune dans une couleur diff\u00e9rente qui se marie facilement avec toutes les tenues :<\/p>\n<ul>\n<li><b>Blanc cass\u00e9<\/b><\/li>\n<li><b>Bleu pastel<\/b><\/li>\n<li><b>Beige<\/b><\/li>\n<li><b>Marron clair<\/b><\/li>\n<li><b>Gris<\/b><\/li>\n<li><b>Gris fonc\u00e9<\/b><\/li>\n<\/ul>\n<p>Les revers souples maintiennent les chaussettes en place sans comprimer les jambes de b\u00e9b\u00e9, assurant un confort optimal. Elles sont parfaites pour \u00eatre port\u00e9es avec des pyjamas, des bodys ou de petites tenues. Pr\u00e9sent\u00e9es dans une jolie bo\u00eete, ces chaussettes sont un cadeau parfait pour une baby shower ou une naissance.<\/p>","protected":false},"excerpt":{"rendered":"<p>Un ensemble pratique et essentiel de six paires de chaussettes pour b\u00e9b\u00e9. Con\u00e7ues pour le confort, elles sont fabriqu\u00e9es dans un tissu doux et sont disponibles dans un m\u00e9lange de couleurs neutres et pastel pour s&#8217;accorder avec toutes les tenues. C&#8217;est un cadeau de naissance id\u00e9al ou un indispensable pour la garde-robe de votre b\u00e9b\u00e9.<\/p>","protected":false},"featured_media":1120,"comment_status":"open","ping_status":"closed","template":"","meta":{"nf_dc_page":""},"product_brand":[],"product_cat":[27,40],"product_tag":[],"class_list":{"0":"post-1114","1":"product","2":"type-product","3":"status-publish","4":"has-post-thumbnail","6":"product_cat-bebe","7":"product_cat-chaussettes","9":"first","10":"instock","11":"sale","12":"taxable","13":"shipping-taxable","14":"purchasable","15":"product-type-variable"},"_links":{"self":[{"href":"https:\/\/menjiii.com\/fr\/wp-json\/wp\/v2\/product\/1114","targetHints":{"allow":["GET"]}}],"collection":[{"href":"https:\/\/menjiii.com\/fr\/wp-json\/wp\/v2\/product"}],"about":[{"href":"https:\/\/menjiii.com\/fr\/wp-json\/wp\/v2\/types\/product"}],"replies":[{"embeddable":true,"href":"https:\/\/menjiii.com\/fr\/wp-json\/wp\/v2\/comments?post=1114"}],"wp:featuredmedia":[{"embeddable":true,"href":"https:\/\/menjiii.com\/fr\/wp-json\/wp\/v2\/media\/1120"}],"wp:attachment":[{"href":"https:\/\/menjiii.com\/fr\/wp-json\/wp\/v2\/media?parent=1114"}],"wp:term":[{"taxonomy":"product_brand","embeddable":true,"href":"https:\/\/menjiii.com\/fr\/wp-json\/wp\/v2\/product_brand?post=1114"},{"taxonomy":"product_cat","embeddable":true,"href":"https:\/\/menjiii.com\/fr\/wp-json\/wp\/v2\/product_cat?post=1114"},{"taxonomy":"product_tag","embeddable":true,"href":"https:\/\/menjiii.com\/fr\/wp-json\/wp\/v2\/product_tag?post=1114"}],"curies":[{"name":"wp","href":"https:\/\/api.w.org\/{rel}","templated":true}]}}