{"id":1123,"date":"2025-09-06T10:02:52","date_gmt":"2025-09-06T10:02:52","guid":{"rendered":"https:\/\/menjiii.com\/?post_type=product&#038;p=1123"},"modified":"2025-10-18T00:02:14","modified_gmt":"2025-10-18T00:02:14","slug":"lot-de-5-paires-de-chaussettes-bebe-couleurs-neutres-douces","status":"publish","type":"product","link":"https:\/\/menjiii.com\/fr\/produit\/lot-de-5-paires-de-chaussettes-bebe-couleurs-neutres-douces\/","title":{"rendered":"Lot de 5 paires de Chaussettes B\u00e9b\u00e9 Couleurs Neutres Douces"},"content":{"rendered":"<p>Gardez les petits pieds de votre b\u00e9b\u00e9 au chaud et confortables avec ce lot de 5 paires de chaussettes, parfaites pour un cadeau de naissance ou pour la garde-robe de votre enfant. Fabriqu\u00e9es dans un tissu doux et respirant, ces chaussettes sont parfaites pour la peau d\u00e9licate de b\u00e9b\u00e9.<\/p>\n<p>Ce lot comprend cinq paires de chaussettes, chacune dans une couleur neutre qui se marie facilement avec toutes les tenues :<\/p>\n<ul>\n<li><b>Blanc cass\u00e9<\/b><\/li>\n<li><b>Beige<\/b><\/li>\n<li><b>Marron clair<\/b><\/li>\n<li><b>Gris taupe<\/b><\/li>\n<li><b>Cr\u00e8me<\/b><\/li>\n<li><b>Moka<\/b><\/li>\n<\/ul>\n<p>Les revers souples maintiennent les chaussettes en place sans comprimer les jambes de b\u00e9b\u00e9, assurant un confort optimal. Elles sont parfaites pour \u00eatre port\u00e9es avec des pyjamas, des bodys ou de petites tenues. Pr\u00e9sent\u00e9es dans une jolie bo\u00eete cadeau, ces chaussettes sont le cadeau id\u00e9al pour toute future maman.<\/p>","protected":false},"excerpt":{"rendered":"<p>Un ensemble pratique de cinq paires de chaussettes pour b\u00e9b\u00e9, pr\u00e9sent\u00e9es dans une jolie bo\u00eete cadeau. Elles sont douces et disponibles dans des tons neutres et chauds pour s&#8217;accorder avec toutes les tenues. C&#8217;est le cadeau de naissance id\u00e9al ou un indispensable pour la garde-robe de votre b\u00e9b\u00e9.<\/p>","protected":false},"featured_media":1129,"comment_status":"open","ping_status":"closed","template":"","meta":{"nf_dc_page":""},"product_brand":[],"product_cat":[27,40],"product_tag":[],"class_list":{"0":"post-1123","1":"product","2":"type-product","3":"status-publish","4":"has-post-thumbnail","6":"product_cat-bebe","7":"product_cat-chaussettes","9":"first","10":"instock","11":"sale","12":"taxable","13":"shipping-taxable","14":"purchasable","15":"product-type-variable"},"_links":{"self":[{"href":"https:\/\/menjiii.com\/fr\/wp-json\/wp\/v2\/product\/1123","targetHints":{"allow":["GET"]}}],"collection":[{"href":"https:\/\/menjiii.com\/fr\/wp-json\/wp\/v2\/product"}],"about":[{"href":"https:\/\/menjiii.com\/fr\/wp-json\/wp\/v2\/types\/product"}],"replies":[{"embeddable":true,"href":"https:\/\/menjiii.com\/fr\/wp-json\/wp\/v2\/comments?post=1123"}],"wp:featuredmedia":[{"embeddable":true,"href":"https:\/\/menjiii.com\/fr\/wp-json\/wp\/v2\/media\/1129"}],"wp:attachment":[{"href":"https:\/\/menjiii.com\/fr\/wp-json\/wp\/v2\/media?parent=1123"}],"wp:term":[{"taxonomy":"product_brand","embeddable":true,"href":"https:\/\/menjiii.com\/fr\/wp-json\/wp\/v2\/product_brand?post=1123"},{"taxonomy":"product_cat","embeddable":true,"href":"https:\/\/menjiii.com\/fr\/wp-json\/wp\/v2\/product_cat?post=1123"},{"taxonomy":"product_tag","embeddable":true,"href":"https:\/\/menjiii.com\/fr\/wp-json\/wp\/v2\/product_tag?post=1123"}],"curies":[{"name":"wp","href":"https:\/\/api.w.org\/{rel}","templated":true}]}}