{"id":1138,"date":"2025-09-06T14:29:57","date_gmt":"2025-09-06T14:29:57","guid":{"rendered":"https:\/\/menjiii.com\/?post_type=product&#038;p=1138"},"modified":"2025-10-31T14:10:11","modified_gmt":"2025-10-31T14:10:11","slug":"ensemble-de-3-pyjamas-pour-nouveau-ne-doux-et-floraux","status":"publish","type":"product","link":"https:\/\/menjiii.com\/fr\/produit\/ensemble-de-3-pyjamas-pour-nouveau-ne-doux-et-floraux\/","title":{"rendered":"Ensemble de 3 Pyjamas pour Nouveau-n\u00e9 Doux et Floraux"},"content":{"rendered":"<p>Habillez votre b\u00e9b\u00e9 avec douceur et \u00e9l\u00e9gance gr\u00e2ce \u00e0 cet ensemble de trois pyjamas, id\u00e9al pour le sommeil et les moments de d\u00e9tente \u00e0 la maison. Chaque pyjama est fabriqu\u00e9 dans un <b>coton doux et l\u00e9ger<\/b>, parfait pour la peau d\u00e9licate de votre nouveau-n\u00e9. L&#8217;ensemble est orn\u00e9 d&#8217;une broderie d\u00e9licate de petites fleurs qui apporte une touche de charme et de sophistication.<\/p>\n<p>Le lot comprend trois pyjamas avec des couleurs pastel :<\/p>\n<ul>\n<li><b>Un pyjama rose tendre<\/b><\/li>\n<li><b>Un pyjama couleur p\u00eache douce<\/b><\/li>\n<li><b>Un pyjama blanc classique<\/b><\/li>\n<\/ul>\n<p>Chaque pyjama est dot\u00e9 d&#8217;une fermeture par boutons-pression sur le devant, ce qui facilite le changement de couche. Les manches longues et les pieds couverts gardent votre b\u00e9b\u00e9 au chaud et confortable toute la journ\u00e9e et toute la nuit. C&#8217;est le cadeau de naissance id\u00e9al, alliant confort, style et praticit\u00e9.<\/p>","protected":false},"excerpt":{"rendered":"<p>Un ensemble adorable de trois pyjamas pour b\u00e9b\u00e9. Ils sont con\u00e7us en coton doux avec une jolie broderie de petites fleurs. Le lot comprend trois couleurs pastel : blanc, rose et p\u00eache. Parfaits pour un cadeau de naissance, ils sont \u00e0 la fois mignons et confortables.<\/p>","protected":false},"featured_media":1144,"comment_status":"open","ping_status":"closed","template":"","meta":{"nf_dc_page":""},"product_brand":[],"product_cat":[27,32],"product_tag":[],"class_list":{"0":"post-1138","1":"product","2":"type-product","3":"status-publish","4":"has-post-thumbnail","6":"product_cat-bebe","7":"product_cat-combinaisons-et-pyjamas","9":"first","10":"instock","11":"sale","12":"taxable","13":"shipping-taxable","14":"purchasable","15":"product-type-variable"},"_links":{"self":[{"href":"https:\/\/menjiii.com\/fr\/wp-json\/wp\/v2\/product\/1138","targetHints":{"allow":["GET"]}}],"collection":[{"href":"https:\/\/menjiii.com\/fr\/wp-json\/wp\/v2\/product"}],"about":[{"href":"https:\/\/menjiii.com\/fr\/wp-json\/wp\/v2\/types\/product"}],"replies":[{"embeddable":true,"href":"https:\/\/menjiii.com\/fr\/wp-json\/wp\/v2\/comments?post=1138"}],"wp:featuredmedia":[{"embeddable":true,"href":"https:\/\/menjiii.com\/fr\/wp-json\/wp\/v2\/media\/1144"}],"wp:attachment":[{"href":"https:\/\/menjiii.com\/fr\/wp-json\/wp\/v2\/media?parent=1138"}],"wp:term":[{"taxonomy":"product_brand","embeddable":true,"href":"https:\/\/menjiii.com\/fr\/wp-json\/wp\/v2\/product_brand?post=1138"},{"taxonomy":"product_cat","embeddable":true,"href":"https:\/\/menjiii.com\/fr\/wp-json\/wp\/v2\/product_cat?post=1138"},{"taxonomy":"product_tag","embeddable":true,"href":"https:\/\/menjiii.com\/fr\/wp-json\/wp\/v2\/product_tag?post=1138"}],"curies":[{"name":"wp","href":"https:\/\/api.w.org\/{rel}","templated":true}]}}