{"id":1148,"date":"2025-09-06T15:48:04","date_gmt":"2025-09-06T15:48:04","guid":{"rendered":"https:\/\/menjiii.com\/?post_type=product&#038;p=1148"},"modified":"2025-10-18T00:02:14","modified_gmt":"2025-10-18T00:02:14","slug":"ensemble-de-3-langes-imprimes-mouton-etoiles-et-landau","status":"publish","type":"product","link":"https:\/\/menjiii.com\/fr\/produit\/ensemble-de-3-langes-imprimes-mouton-etoiles-et-landau\/","title":{"rendered":"Ensemble de 3 Langes Imprim\u00e9s Mouton, \u00c9toiles et Landau"},"content":{"rendered":"<p>Indispensable pour tout nouveau-n\u00e9, cet ensemble de trois langes en mousseline de coton est le cadeau parfait pour une baby shower ou une naissance. La <b>mousseline<\/b> est un tissu l\u00e9ger et respirant, qui devient encore plus doux \u00e0 chaque lavage. Ces langes sont incroyablement polyvalents et peuvent \u00eatre utilis\u00e9s de multiples fa\u00e7ons pour le confort de b\u00e9b\u00e9.<\/p>\n<p>Le lot comprend trois langes avec des motifs adorables :<\/p>\n<ul>\n<li><b>Un lange avec un motif de mouton<\/b> et des nuages, pour une touche de douceur.<\/li>\n<li><b>Un lange avec un motif d&#8217;\u00e9toiles<\/b> et de lunes, pour des r\u00eaves \u00e9toil\u00e9s.<\/li>\n<li><b>Un lange avec un motif de landau<\/b> et de nuages, pour une ambiance apaisante.<\/li>\n<\/ul>\n<p>Ces langes sont parfaits pour emmailloter votre b\u00e9b\u00e9 pour le rassurer et l&#8217;aider \u00e0 dormir, comme couverture l\u00e9g\u00e8re pour la sieste, ou comme un pare-soleil pour la poussette. Ils peuvent aussi servir comme tapis de jeu ou comme bavoir d&#8217;\u00e9paule pendant le rot. Pr\u00e9sent\u00e9s dans une jolie bo\u00eete cadeau, ces langes sont aussi pratiques qu&#8217;\u00e9l\u00e9gants.<\/p>","protected":false},"excerpt":{"rendered":"<p>Un ensemble pratique et \u00e9l\u00e9gant de trois langes en mousseline de coton. Ils sont super doux, l\u00e9gers et polyvalents, parfaits pour emmailloter b\u00e9b\u00e9, comme couverture l\u00e9g\u00e8re ou pour l&#8217;allaitement. Chaque lange est orn\u00e9 d&#8217;un motif mignon : un mouton, des \u00e9toiles et un landau.<\/p>","protected":false},"featured_media":1155,"comment_status":"open","ping_status":"closed","template":"","meta":{"nf_dc_page":""},"product_brand":[],"product_cat":[27,38],"product_tag":[],"class_list":{"0":"post-1148","1":"product","2":"type-product","3":"status-publish","4":"has-post-thumbnail","6":"product_cat-bebe","7":"product_cat-couvertures","9":"first","10":"instock","11":"taxable","12":"shipping-taxable","13":"purchasable","14":"product-type-variable"},"_links":{"self":[{"href":"https:\/\/menjiii.com\/fr\/wp-json\/wp\/v2\/product\/1148","targetHints":{"allow":["GET"]}}],"collection":[{"href":"https:\/\/menjiii.com\/fr\/wp-json\/wp\/v2\/product"}],"about":[{"href":"https:\/\/menjiii.com\/fr\/wp-json\/wp\/v2\/types\/product"}],"replies":[{"embeddable":true,"href":"https:\/\/menjiii.com\/fr\/wp-json\/wp\/v2\/comments?post=1148"}],"wp:featuredmedia":[{"embeddable":true,"href":"https:\/\/menjiii.com\/fr\/wp-json\/wp\/v2\/media\/1155"}],"wp:attachment":[{"href":"https:\/\/menjiii.com\/fr\/wp-json\/wp\/v2\/media?parent=1148"}],"wp:term":[{"taxonomy":"product_brand","embeddable":true,"href":"https:\/\/menjiii.com\/fr\/wp-json\/wp\/v2\/product_brand?post=1148"},{"taxonomy":"product_cat","embeddable":true,"href":"https:\/\/menjiii.com\/fr\/wp-json\/wp\/v2\/product_cat?post=1148"},{"taxonomy":"product_tag","embeddable":true,"href":"https:\/\/menjiii.com\/fr\/wp-json\/wp\/v2\/product_tag?post=1148"}],"curies":[{"name":"wp","href":"https:\/\/api.w.org\/{rel}","templated":true}]}}