{"id":1182,"date":"2025-09-08T09:18:50","date_gmt":"2025-09-08T09:18:50","guid":{"rendered":"https:\/\/menjiii.com\/?post_type=product&#038;p=1182"},"modified":"2025-10-31T14:09:53","modified_gmt":"2025-10-31T14:09:53","slug":"couverture-bebe-reversible-en-sherpa-et-coton-motif-renard","status":"publish","type":"product","link":"https:\/\/menjiii.com\/fr\/produit\/couverture-bebe-reversible-en-sherpa-et-coton-motif-renard\/","title":{"rendered":"Couverture B\u00e9b\u00e9 R\u00e9versible en Sherpa et Coton Motif Renard"},"content":{"rendered":"<p>Gardez votre b\u00e9b\u00e9 bien au chaud avec cette adorable couverture r\u00e9versible. Con\u00e7ue pour offrir un confort maximal, cette couverture est l&#8217;accessoire parfait pour les siestes, les sorties en poussette, ou les moments de c\u00e2lin \u00e0 la maison.<\/p>\n<p>Elle est unique gr\u00e2ce \u00e0 ses deux faces diff\u00e9rentes :<\/p>\n<ul>\n<li><b>Une face en sherpa douce<\/b> et \u00e9paisse, qui ressemble \u00e0 de la laine de mouton, offrant une chaleur et une douceur incomparable.<\/li>\n<li><b>Une face en coton doux<\/b> et respirant, avec un motif charmant et color\u00e9 de renards, de h\u00e9rissons et d&#8217;autres animaux de la for\u00eat.<\/li>\n<\/ul>\n<p>Cette couverture est non seulement chaude, mais aussi l\u00e9g\u00e8re, ce qui la rend facile \u00e0 transporter. C&#8217;est l&#8217;accessoire id\u00e9al pour la chambre de b\u00e9b\u00e9, qui se marie \u00e0 merveille avec des th\u00e8mes de d\u00e9coration sur le th\u00e8me de la for\u00eat. C&#8217;est un excellent cadeau de naissance, qui allie style et confort pour le nouveau-n\u00e9.<\/p>","protected":false},"excerpt":{"rendered":"<p>Cette couverture est l&#8217;accessoire parfait pour les siestes de b\u00e9b\u00e9 et les moments de c\u00e2lin. Elle est douce et chaude, avec une face en <b>sherpa<\/b> douillette et une autre face en <b>coton<\/b> avec un motif mignon de renards et d&#8217;animaux de la for\u00eat. C&#8217;est le cadeau id\u00e9al pour un cadeau de naissance ou pour garder votre b\u00e9b\u00e9 au chaud en toute saison.<\/p>","protected":false},"featured_media":1184,"comment_status":"open","ping_status":"closed","template":"","meta":{"nf_dc_page":""},"product_brand":[],"product_cat":[27,38],"product_tag":[],"class_list":{"0":"post-1182","1":"product","2":"type-product","3":"status-publish","4":"has-post-thumbnail","6":"product_cat-bebe","7":"product_cat-couvertures","9":"first","10":"instock","11":"taxable","12":"shipping-taxable","13":"purchasable","14":"product-type-variable"},"_links":{"self":[{"href":"https:\/\/menjiii.com\/fr\/wp-json\/wp\/v2\/product\/1182","targetHints":{"allow":["GET"]}}],"collection":[{"href":"https:\/\/menjiii.com\/fr\/wp-json\/wp\/v2\/product"}],"about":[{"href":"https:\/\/menjiii.com\/fr\/wp-json\/wp\/v2\/types\/product"}],"replies":[{"embeddable":true,"href":"https:\/\/menjiii.com\/fr\/wp-json\/wp\/v2\/comments?post=1182"}],"wp:featuredmedia":[{"embeddable":true,"href":"https:\/\/menjiii.com\/fr\/wp-json\/wp\/v2\/media\/1184"}],"wp:attachment":[{"href":"https:\/\/menjiii.com\/fr\/wp-json\/wp\/v2\/media?parent=1182"}],"wp:term":[{"taxonomy":"product_brand","embeddable":true,"href":"https:\/\/menjiii.com\/fr\/wp-json\/wp\/v2\/product_brand?post=1182"},{"taxonomy":"product_cat","embeddable":true,"href":"https:\/\/menjiii.com\/fr\/wp-json\/wp\/v2\/product_cat?post=1182"},{"taxonomy":"product_tag","embeddable":true,"href":"https:\/\/menjiii.com\/fr\/wp-json\/wp\/v2\/product_tag?post=1182"}],"curies":[{"name":"wp","href":"https:\/\/api.w.org\/{rel}","templated":true}]}}