{"id":1194,"date":"2025-09-08T09:48:27","date_gmt":"2025-09-08T09:48:27","guid":{"rendered":"https:\/\/menjiii.com\/?post_type=product&#038;p=1194"},"modified":"2025-10-18T00:02:13","modified_gmt":"2025-10-18T00:02:13","slug":"trousseau-de-naissance-bebe-5-pieces-brode-a-fleurs","status":"publish","type":"product","link":"https:\/\/menjiii.com\/fr\/produit\/trousseau-de-naissance-bebe-5-pieces-brode-a-fleurs\/","title":{"rendered":"Trousseau de Naissance B\u00e9b\u00e9 5 Pi\u00e8ces Brod\u00e9 \u00e0 Fleurs"},"content":{"rendered":"<p>Accueillez votre b\u00e9b\u00e9 dans la douceur avec cet adorable trousseau de naissance. Cet ensemble est non seulement magnifique, mais aussi tr\u00e8s confortable pour la peau sensible des nouveau-n\u00e9s. Confectionn\u00e9 dans un tissu textur\u00e9 et doux, chaque pi\u00e8ce pr\u00e9sente des d\u00e9tails raffin\u00e9s comme des volants et de petites broderies florales. C&#8217;est le cadeau de naissance parfait, pr\u00eat \u00e0 \u00eatre offert.<\/p>\n<p>L&#8217;ensemble de cinq pi\u00e8ces inclut :<\/p>\n<ul>\n<li><b>Un haut \u00e0 manches longues<\/b> avec de jolis volants et une broderie florale d\u00e9licate. Un grand n\u0153ud au centre ajoute une touche de charme.<\/li>\n<li><b>Un pantalon<\/b> avec des petits d\u00e9tails brod\u00e9s au niveau des pieds, pour un confort total.<\/li>\n<li><b>Un bonnet<\/b> assorti avec des volants, pour garder la t\u00eate de b\u00e9b\u00e9 bien au chaud.<\/li>\n<li><b>Un bavoir<\/b> \u00e9l\u00e9gant avec des volants, parfait pour prot\u00e9ger la tenue.<\/li>\n<li><b>Une paire de moufles<\/b> pour prot\u00e9ger les mains de b\u00e9b\u00e9.<\/li>\n<\/ul>\n<p>Chaque article de cet ensemble a \u00e9t\u00e9 pens\u00e9 pour allier confort et \u00e9l\u00e9gance, rendant la tenue id\u00e9ale pour la maison ou les premi\u00e8res photos de b\u00e9b\u00e9.<\/p>","protected":false},"excerpt":{"rendered":"<p>Un ensemble de naissance charmant et complet, parfait pour une petite fille. Cet ensemble de cinq pi\u00e8ces est fabriqu\u00e9 dans un tissu doux avec des volants et des broderies d\u00e9licates de petites fleurs. Il est le cadeau id\u00e9al pour accueillir un nouveau-n\u00e9 avec style et douceur.<\/p>\n<p>&nbsp;<\/p>\n<h3><\/h3>","protected":false},"featured_media":1197,"comment_status":"open","ping_status":"closed","template":"","meta":{"nf_dc_page":""},"product_brand":[],"product_cat":[27,28],"product_tag":[],"class_list":{"0":"post-1194","1":"product","2":"type-product","3":"status-publish","4":"has-post-thumbnail","6":"product_cat-bebe","7":"product_cat-ensemble-bebe","9":"first","10":"instock","11":"taxable","12":"shipping-taxable","13":"purchasable","14":"product-type-variable"},"_links":{"self":[{"href":"https:\/\/menjiii.com\/fr\/wp-json\/wp\/v2\/product\/1194","targetHints":{"allow":["GET"]}}],"collection":[{"href":"https:\/\/menjiii.com\/fr\/wp-json\/wp\/v2\/product"}],"about":[{"href":"https:\/\/menjiii.com\/fr\/wp-json\/wp\/v2\/types\/product"}],"replies":[{"embeddable":true,"href":"https:\/\/menjiii.com\/fr\/wp-json\/wp\/v2\/comments?post=1194"}],"wp:featuredmedia":[{"embeddable":true,"href":"https:\/\/menjiii.com\/fr\/wp-json\/wp\/v2\/media\/1197"}],"wp:attachment":[{"href":"https:\/\/menjiii.com\/fr\/wp-json\/wp\/v2\/media?parent=1194"}],"wp:term":[{"taxonomy":"product_brand","embeddable":true,"href":"https:\/\/menjiii.com\/fr\/wp-json\/wp\/v2\/product_brand?post=1194"},{"taxonomy":"product_cat","embeddable":true,"href":"https:\/\/menjiii.com\/fr\/wp-json\/wp\/v2\/product_cat?post=1194"},{"taxonomy":"product_tag","embeddable":true,"href":"https:\/\/menjiii.com\/fr\/wp-json\/wp\/v2\/product_tag?post=1194"}],"curies":[{"name":"wp","href":"https:\/\/api.w.org\/{rel}","templated":true}]}}