{"id":1241,"date":"2025-09-08T10:36:36","date_gmt":"2025-09-08T10:36:36","guid":{"rendered":"https:\/\/menjiii.com\/?post_type=product&#038;p=1241"},"modified":"2025-10-18T00:02:14","modified_gmt":"2025-10-18T00:02:14","slug":"lot-de-3-paires-de-moufles-bebe-en-coton-anti-rayures","status":"publish","type":"product","link":"https:\/\/menjiii.com\/fr\/produit\/lot-de-3-paires-de-moufles-bebe-en-coton-anti-rayures\/","title":{"rendered":"Lot de 3 paires de Moufles B\u00e9b\u00e9 en Coton Anti-rayures"},"content":{"rendered":"<p>Gardez les petites mains et le visage d\u00e9licat de votre b\u00e9b\u00e9 prot\u00e9g\u00e9s avec ce lot de trois paires de moufles. Con\u00e7ues pour le confort et la s\u00e9curit\u00e9, ces moufles sont fabriqu\u00e9es dans un <b>coton doux et respirant<\/b>, parfait pour la peau sensible des tout-petits. Elles sont essentielles pour les premi\u00e8res semaines de la vie de b\u00e9b\u00e9, car elles emp\u00eachent les petites griffures que votre b\u00e9b\u00e9 pourrait se faire.<\/p>\n<p>Le lot comprend trois paires de moufles aux couleurs et motifs assortis :<\/p>\n<ul>\n<li><b>Une paire de moufles bleu pastel<\/b> unie.<\/li>\n<li><b>Une paire de moufles blanche<\/b> \u00e0 motifs de pois bleus.<\/li>\n<li><b>Une paire de moufles blanche<\/b> unie.<\/li>\n<\/ul>\n<p>Gr\u00e2ce \u00e0 leur poignet \u00e9lastique, les moufles restent bien en place sur les mains de b\u00e9b\u00e9. Elles sont parfaites pour les premi\u00e8res semaines et les premiers mois de b\u00e9b\u00e9. Pr\u00e9sent\u00e9es comme un \u00ab paquet de 3 \u00bb, elles sont le cadeau id\u00e9al pour toute future maman qui appr\u00e9cie la praticit\u00e9 et le style.<\/p>","protected":false},"excerpt":{"rendered":"<p>Un ensemble pratique et essentiel de trois paires de moufles pour b\u00e9b\u00e9, pour les premiers mois. Fabriqu\u00e9es en coton doux, elles sont con\u00e7ues pour prot\u00e9ger le visage de votre nouveau-n\u00e9 des petites griffures. Ce lot est parfait pour un cadeau de naissance avec ses couleurs vari\u00e9es : bleu, blanc \u00e0 pois et blanc.<\/p>","protected":false},"featured_media":1245,"comment_status":"open","ping_status":"closed","template":"","meta":{"nf_dc_page":""},"product_brand":[],"product_cat":[27,42],"product_tag":[],"class_list":{"0":"post-1241","1":"product","2":"type-product","3":"status-publish","4":"has-post-thumbnail","6":"product_cat-bebe","7":"product_cat-gants","9":"first","10":"instock","11":"taxable","12":"shipping-taxable","13":"purchasable","14":"product-type-variable"},"_links":{"self":[{"href":"https:\/\/menjiii.com\/fr\/wp-json\/wp\/v2\/product\/1241","targetHints":{"allow":["GET"]}}],"collection":[{"href":"https:\/\/menjiii.com\/fr\/wp-json\/wp\/v2\/product"}],"about":[{"href":"https:\/\/menjiii.com\/fr\/wp-json\/wp\/v2\/types\/product"}],"replies":[{"embeddable":true,"href":"https:\/\/menjiii.com\/fr\/wp-json\/wp\/v2\/comments?post=1241"}],"wp:featuredmedia":[{"embeddable":true,"href":"https:\/\/menjiii.com\/fr\/wp-json\/wp\/v2\/media\/1245"}],"wp:attachment":[{"href":"https:\/\/menjiii.com\/fr\/wp-json\/wp\/v2\/media?parent=1241"}],"wp:term":[{"taxonomy":"product_brand","embeddable":true,"href":"https:\/\/menjiii.com\/fr\/wp-json\/wp\/v2\/product_brand?post=1241"},{"taxonomy":"product_cat","embeddable":true,"href":"https:\/\/menjiii.com\/fr\/wp-json\/wp\/v2\/product_cat?post=1241"},{"taxonomy":"product_tag","embeddable":true,"href":"https:\/\/menjiii.com\/fr\/wp-json\/wp\/v2\/product_tag?post=1241"}],"curies":[{"name":"wp","href":"https:\/\/api.w.org\/{rel}","templated":true}]}}