{"id":1273,"date":"2025-09-09T09:07:10","date_gmt":"2025-09-09T09:07:10","guid":{"rendered":"https:\/\/menjiii.com\/?post_type=product&#038;p=1273"},"modified":"2025-10-18T00:02:13","modified_gmt":"2025-10-18T00:02:13","slug":"ensemble-de-3-pantalons-pour-nouveau-ne-doux-et-tendance","status":"publish","type":"product","link":"https:\/\/menjiii.com\/fr\/produit\/ensemble-de-3-pantalons-pour-nouveau-ne-doux-et-tendance\/","title":{"rendered":"Ensemble de 3 Pantalons pour Nouveau-n\u00e9 Doux et Tendance"},"content":{"rendered":"<p>Ajoutez une touche de style \u00e0 la garde-robe de votre b\u00e9b\u00e9 avec ce lot de trois pantalons \u00e0 la fois pratiques et tendance. Fabriqu\u00e9s dans un tissu <b>c\u00f4tel\u00e9 doux et extensible<\/b>, ces pantalons offrent un confort maximal et un ajustement parfait. Ils sont parfaits pour les activit\u00e9s quotidiennes de b\u00e9b\u00e9, de la sieste au jeu.<\/p>\n<p>Le coffret comprend trois pantalons aux couleurs vari\u00e9es, qui se coordonnent facilement entre eux et avec d&#8217;autres tenues :<\/p>\n<ul>\n<li><b>Un pantalon blanc<\/b> pour un style classique et intemporel.<\/li>\n<li><b>Un pantalon rose<\/b> pour une touche de douceur et de s\u00e9r\u00e9nit\u00e9.<\/li>\n<li><b>Un pantalon vert d&#8217;eau<\/b> pour un style moderne et apaisant.<\/li>\n<\/ul>\n<p>Leur conception simple avec une ceinture \u00e9lastique et douce assure un enfilage facile. Ces pantalons peuvent \u00eatre port\u00e9s avec des bodys, des pulls ou de petits hauts. C&#8217;est le cadeau de naissance id\u00e9al pour les parents qui aiment le style et le confort.<\/p>","protected":false},"excerpt":{"rendered":"<p>Un ensemble pratique et \u00e9l\u00e9gant de trois pantalons c\u00f4tel\u00e9s pour b\u00e9b\u00e9. Le tissu doux et extensible assure un confort optimal pour la peau d\u00e9licate de votre enfant. Ce lot est parfait pour un cadeau de naissance avec ses couleurs vari\u00e9es et modernes : blanc, rose et vert d&#8217;eau.<\/p>","protected":false},"featured_media":1279,"comment_status":"open","ping_status":"closed","template":"","meta":{"nf_dc_page":""},"product_brand":[],"product_cat":[27,51],"product_tag":[],"class_list":{"0":"post-1273","1":"product","2":"type-product","3":"status-publish","4":"has-post-thumbnail","6":"product_cat-bebe","7":"product_cat-pantalons","9":"first","10":"instock","11":"sale","12":"taxable","13":"shipping-taxable","14":"purchasable","15":"product-type-variable"},"_links":{"self":[{"href":"https:\/\/menjiii.com\/fr\/wp-json\/wp\/v2\/product\/1273","targetHints":{"allow":["GET"]}}],"collection":[{"href":"https:\/\/menjiii.com\/fr\/wp-json\/wp\/v2\/product"}],"about":[{"href":"https:\/\/menjiii.com\/fr\/wp-json\/wp\/v2\/types\/product"}],"replies":[{"embeddable":true,"href":"https:\/\/menjiii.com\/fr\/wp-json\/wp\/v2\/comments?post=1273"}],"wp:featuredmedia":[{"embeddable":true,"href":"https:\/\/menjiii.com\/fr\/wp-json\/wp\/v2\/media\/1279"}],"wp:attachment":[{"href":"https:\/\/menjiii.com\/fr\/wp-json\/wp\/v2\/media?parent=1273"}],"wp:term":[{"taxonomy":"product_brand","embeddable":true,"href":"https:\/\/menjiii.com\/fr\/wp-json\/wp\/v2\/product_brand?post=1273"},{"taxonomy":"product_cat","embeddable":true,"href":"https:\/\/menjiii.com\/fr\/wp-json\/wp\/v2\/product_cat?post=1273"},{"taxonomy":"product_tag","embeddable":true,"href":"https:\/\/menjiii.com\/fr\/wp-json\/wp\/v2\/product_tag?post=1273"}],"curies":[{"name":"wp","href":"https:\/\/api.w.org\/{rel}","templated":true}]}}