{"id":1315,"date":"2025-09-09T09:22:42","date_gmt":"2025-09-09T09:22:42","guid":{"rendered":"https:\/\/menjiii.com\/?post_type=product&#038;p=1315"},"modified":"2025-10-18T00:02:14","modified_gmt":"2025-10-18T00:02:14","slug":"ensemble-de-serviette-de-bain-et-gant-de-toilette-doux-pour-bebe","status":"publish","type":"product","link":"https:\/\/menjiii.com\/fr\/produit\/ensemble-de-serviette-de-bain-et-gant-de-toilette-doux-pour-bebe\/","title":{"rendered":"Ensemble de Serviette de Bain et Gant de Toilette Doux pour B\u00e9b\u00e9"},"content":{"rendered":"<p>Faites de l&#8217;heure du bain un moment de douceur avec cet adorable ensemble de bain pour b\u00e9b\u00e9. Sp\u00e9cialement con\u00e7u pour la peau sensible des tout-petits, cet ensemble comprend une serviette de bain \u00e0 capuche et un gant de toilette assorti.<\/p>\n<p>La serviette de bain :<\/p>\n<ul>\n<li><b>Tissu \u00c9pais et Doux :<\/b> Fabriqu\u00e9e en coton de haute qualit\u00e9, la serviette est ultra-douce et tr\u00e8s absorbante, id\u00e9ale pour envelopper b\u00e9b\u00e9 dans un cocon de chaleur et de confort.<\/li>\n<li><b>Broderie Mignonne :<\/b> Une broderie d&#8217;ours en peluche souriant est un d\u00e9tail charmant qui rend la serviette encore plus sp\u00e9ciale.<\/li>\n<li><b>Capuche Pratique :<\/b> La capuche int\u00e9gr\u00e9e, elle aussi brod\u00e9e, aide \u00e0 s\u00e9cher les cheveux de b\u00e9b\u00e9 et \u00e0 le garder au chaud tout en le sortant de l&#8217;eau.<\/li>\n<\/ul>\n<p>Le gant de toilette :<\/p>\n<ul>\n<li><b>Taille Parfaite :<\/b> Le gant de toilette assorti est parfait pour nettoyer d\u00e9licatement les petites parties du corps de b\u00e9b\u00e9.<\/li>\n<\/ul>\n<p>Cet ensemble est un cadeau de naissance id\u00e9al, car il allie style, confort et fonctionnalit\u00e9.<\/p>","protected":false},"excerpt":{"rendered":"<p>Un ensemble doux et essentiel pour le bain de b\u00e9b\u00e9. Il comprend une serviette \u00e0 capuche avec une broderie d&#8217;ours en peluche et un gant de toilette assorti. Fabriqu\u00e9 en coton ultra-absorbant, cet ensemble est parfait pour s\u00e9cher d\u00e9licatement la peau de votre nouveau-n\u00e9 apr\u00e8s le bain et le garder au chaud.<\/p>","protected":false},"featured_media":1325,"comment_status":"open","ping_status":"closed","template":"","meta":{"nf_dc_page":""},"product_brand":[],"product_cat":[27,49],"product_tag":[],"class_list":{"0":"post-1315","1":"product","2":"type-product","3":"status-publish","4":"has-post-thumbnail","6":"product_cat-bebe","7":"product_cat-serviettes-de-douche","9":"first","10":"instock","11":"taxable","12":"shipping-taxable","13":"purchasable","14":"product-type-variable"},"_links":{"self":[{"href":"https:\/\/menjiii.com\/fr\/wp-json\/wp\/v2\/product\/1315","targetHints":{"allow":["GET"]}}],"collection":[{"href":"https:\/\/menjiii.com\/fr\/wp-json\/wp\/v2\/product"}],"about":[{"href":"https:\/\/menjiii.com\/fr\/wp-json\/wp\/v2\/types\/product"}],"replies":[{"embeddable":true,"href":"https:\/\/menjiii.com\/fr\/wp-json\/wp\/v2\/comments?post=1315"}],"wp:featuredmedia":[{"embeddable":true,"href":"https:\/\/menjiii.com\/fr\/wp-json\/wp\/v2\/media\/1325"}],"wp:attachment":[{"href":"https:\/\/menjiii.com\/fr\/wp-json\/wp\/v2\/media?parent=1315"}],"wp:term":[{"taxonomy":"product_brand","embeddable":true,"href":"https:\/\/menjiii.com\/fr\/wp-json\/wp\/v2\/product_brand?post=1315"},{"taxonomy":"product_cat","embeddable":true,"href":"https:\/\/menjiii.com\/fr\/wp-json\/wp\/v2\/product_cat?post=1315"},{"taxonomy":"product_tag","embeddable":true,"href":"https:\/\/menjiii.com\/fr\/wp-json\/wp\/v2\/product_tag?post=1315"}],"curies":[{"name":"wp","href":"https:\/\/api.w.org\/{rel}","templated":true}]}}