{"id":491,"date":"2025-07-11T13:07:22","date_gmt":"2025-07-11T13:07:22","guid":{"rendered":"https:\/\/menjiii.com\/?post_type=product&#038;p=491"},"modified":"2025-10-18T00:02:13","modified_gmt":"2025-10-18T00:02:13","slug":"combinaison-3-pieces-en-coton-avec-pieds-motif-elephant-rose-fille-garcon-nouveau-ne","status":"publish","type":"product","link":"https:\/\/menjiii.com\/fr\/produit\/combinaison-3-pieces-en-coton-avec-pieds-motif-elephant-rose-fille-garcon-nouveau-ne\/","title":{"rendered":"Combinaison 3 pi\u00e8ces en coton, motif \u00e9l\u00e9phant rose (FILLE &#8211; GAR\u00c7ON &#8211; NOUVEAU-N\u00c9)"},"content":{"rendered":"<p data-start=\"363\" data-end=\"550\">Offrez \u00e0 votre b\u00e9b\u00e9 un confort absolu avec ce lot de 3 combinaisons en coton doux, id\u00e9al d\u00e8s la naissance. Chaque pi\u00e8ce est con\u00e7ue avec soin pour allier douceur, praticit\u00e9 et esth\u00e9tique :<\/p>\n<ul data-start=\"552\" data-end=\"742\">\n<li data-start=\"552\" data-end=\"628\">\n<p data-start=\"554\" data-end=\"628\">Une combinaison rose \u00e0 manches longues avec un joli \u00e9l\u00e9phant imprim\u00e9,<\/p>\n<\/li>\n<li data-start=\"629\" data-end=\"687\">\n<p data-start=\"631\" data-end=\"687\">Une combinaison blanche \u00e0 motifs nuages et oursons,<\/p>\n<\/li>\n<li data-start=\"688\" data-end=\"742\">\n<p data-start=\"690\" data-end=\"742\">Une combinaison blanche \u00e0 petits c\u0153urs en relief.<\/p>\n<\/li>\n<\/ul>\n<p data-start=\"744\" data-end=\"1001\">Toutes les combinaisons sont \u00e9quip\u00e9es de pieds pour garder b\u00e9b\u00e9 bien au chaud, et de boutons-pression pour un habillage facile. Un ensemble mixte, parfait pour les filles comme pour les gar\u00e7ons, \u00e0 la fois pratique et adorable pour les premiers mois de b\u00e9b\u00e9.<\/p>\n<p data-start=\"1003\" data-end=\"1109\"><strong data-start=\"1003\" data-end=\"1016\">Mati\u00e8re :<\/strong> 100 % coton doux et respirant<br data-start=\"1046\" data-end=\"1049\" \/><strong data-start=\"1049\" data-end=\"1061\">Taille :<\/strong> Nouveau-n\u00e9<br data-start=\"1072\" data-end=\"1075\" \/><strong data-start=\"1075\" data-end=\"1086\">Genre :<\/strong> Mixte (fille &amp; gar\u00e7on)<\/p>","protected":false},"excerpt":{"rendered":"<p>Lot de 3 combinaisons en coton pour nouveau-n\u00e9 (fille ou gar\u00e7on), avec pieds. Motifs tendres : \u00e9l\u00e9phant rose, nuages et petits c\u0153urs. Confortables, douces et parfaites d\u00e8s la naissance.<\/p>","protected":false},"featured_media":497,"comment_status":"open","ping_status":"closed","template":"","meta":{"nf_dc_page":""},"product_brand":[],"product_cat":[27,32],"product_tag":[],"class_list":{"0":"post-491","1":"product","2":"type-product","3":"status-publish","4":"has-post-thumbnail","6":"product_cat-bebe","7":"product_cat-combinaisons-et-pyjamas","9":"first","10":"instock","11":"sale","12":"taxable","13":"shipping-taxable","14":"purchasable","15":"product-type-variable"},"_links":{"self":[{"href":"https:\/\/menjiii.com\/fr\/wp-json\/wp\/v2\/product\/491","targetHints":{"allow":["GET"]}}],"collection":[{"href":"https:\/\/menjiii.com\/fr\/wp-json\/wp\/v2\/product"}],"about":[{"href":"https:\/\/menjiii.com\/fr\/wp-json\/wp\/v2\/types\/product"}],"replies":[{"embeddable":true,"href":"https:\/\/menjiii.com\/fr\/wp-json\/wp\/v2\/comments?post=491"}],"wp:featuredmedia":[{"embeddable":true,"href":"https:\/\/menjiii.com\/fr\/wp-json\/wp\/v2\/media\/497"}],"wp:attachment":[{"href":"https:\/\/menjiii.com\/fr\/wp-json\/wp\/v2\/media?parent=491"}],"wp:term":[{"taxonomy":"product_brand","embeddable":true,"href":"https:\/\/menjiii.com\/fr\/wp-json\/wp\/v2\/product_brand?post=491"},{"taxonomy":"product_cat","embeddable":true,"href":"https:\/\/menjiii.com\/fr\/wp-json\/wp\/v2\/product_cat?post=491"},{"taxonomy":"product_tag","embeddable":true,"href":"https:\/\/menjiii.com\/fr\/wp-json\/wp\/v2\/product_tag?post=491"}],"curies":[{"name":"wp","href":"https:\/\/api.w.org\/{rel}","templated":true}]}}