{"id":838,"date":"2025-07-22T13:26:07","date_gmt":"2025-07-22T13:26:07","guid":{"rendered":"https:\/\/menjiii.com\/?post_type=product&#038;p=838"},"modified":"2025-10-31T14:10:43","modified_gmt":"2025-10-31T14:10:43","slug":"ensemble-de-sortie-de-maternite-5-pieces-en-coton-avec-noeud-papillon-bebe-garcon","status":"publish","type":"product","link":"https:\/\/menjiii.com\/fr\/produit\/ensemble-de-sortie-de-maternite-5-pieces-en-coton-avec-noeud-papillon-bebe-garcon\/","title":{"rendered":"Ensemble de sortie de maternit\u00e9 5 pi\u00e8ces en coton avec n\u0153ud papillon \u2013 B\u00e9b\u00e9 gar\u00e7on"},"content":{"rendered":"<p>Habillez votre petit prince avec \u00e9l\u00e9gance et confort gr\u00e2ce \u00e0 notre adorable ensemble de 5 pi\u00e8ces, parfait pour les occasions sp\u00e9ciales et les moments m\u00e9morables. Confectionn\u00e9 en <b>100% coton biologique<\/b> et pr\u00e9sent\u00e9 comme un <b>produit 100% naturel<\/b>, cet ensemble assure une douceur incomparable et est id\u00e9al pour la peau d\u00e9licate et sensible de b\u00e9b\u00e9, tout en \u00e9tant respectueux de l&#8217;environnement.<\/p>\n<p>Chaque pi\u00e8ce a \u00e9t\u00e9 con\u00e7ue avec soin pour un look de &#8220;petit gentleman&#8221; :<\/p>\n<ul>\n<li><b>Un haut style chemise cache-c\u0153ur<\/b> : De couleur \u00e9cru, il est orn\u00e9 d&#8217;un \u00e9l\u00e9gant n\u0153ud papillon en tissu beige, de boutons d\u00e9coratifs et d&#8217;une fausse poche contrastante, lui donnant une allure chic.<\/li>\n<li><b>Un pantalon \u00e0 pieds int\u00e9gr\u00e9s<\/b> : De couleur beige assortie, il assure que les petits pieds de b\u00e9b\u00e9 restent bien au chaud et confortables.<\/li>\n<li><b>Une casquette Gavroche<\/b> : Chic et adorable, elle compl\u00e8te parfaitement le look.<\/li>\n<li><b>Des moufles douces<\/b> : Pour prot\u00e9ger les mains de b\u00e9b\u00e9 des petites \u00e9gratignures.<\/li>\n<li><b>Un bavoir \u00e9l\u00e9gant<\/b> : Bicolore (\u00e9cru et beige) et assorti au style de l&#8217;ensemble, id\u00e9al pour les repas.<\/li>\n<\/ul>\n<p>Cet ensemble est le cadeau id\u00e9al pour une naissance, un bapt\u00eame, une f\u00eate ou toute autre occasion o\u00f9 vous souhaitez que b\u00e9b\u00e9 soit le plus styl\u00e9. Alliant raffinement, confort et une fabrication respectueuse, c&#8217;est un choix exceptionnel pour les parents soucieux de la qualit\u00e9 et de l&#8217;\u00e9thique.<\/p>","protected":false},"excerpt":{"rendered":"<div class=\"ng-tns-c316448004-374\">\n<section id=\"processing-state-21\" class=\"processing-state_container ng-tns-c316448004-374 is-gpi-avatar ng-trigger ng-trigger-processingStateShowHide ng-star-inserted is-done-processing\">\n<div id=\"processing-state-21-summary\" class=\"processing-state_details ng-trigger ng-trigger-menuExpansion ng-tns-c316448004-374 is-gpi-avatar ng-star-inserted\" aria-hidden=\"true\">\n<div class=\"tool-summary ng-tns-c316448004-374\">\n<div class=\"gds-body-l tool-summary-message ng-tns-c316448004-374 ng-star-inserted\">\n<div class=\"ng-tns-c316448004-374\">Adorable ensemble 5 pi\u00e8ces pour b\u00e9b\u00e9 gar\u00e7on en coton 100% biologique, style gentleman : chemise cache-c\u0153ur avec n\u0153ud papillon, pantalon \u00e0 pieds, casquette, moufles et bavoir. Id\u00e9al pour les occasions sp\u00e9ciales.<\/div>\n<\/div>\n<\/div>\n<\/div>\n<\/section>\n<\/div>","protected":false},"featured_media":854,"comment_status":"open","ping_status":"closed","template":"","meta":{"nf_dc_page":""},"product_brand":[],"product_cat":[27,28],"product_tag":[],"class_list":{"0":"post-838","1":"product","2":"type-product","3":"status-publish","4":"has-post-thumbnail","6":"product_cat-bebe","7":"product_cat-ensemble-bebe","9":"first","10":"instock","11":"sale","12":"taxable","13":"shipping-taxable","14":"purchasable","15":"product-type-variable"},"_links":{"self":[{"href":"https:\/\/menjiii.com\/fr\/wp-json\/wp\/v2\/product\/838","targetHints":{"allow":["GET"]}}],"collection":[{"href":"https:\/\/menjiii.com\/fr\/wp-json\/wp\/v2\/product"}],"about":[{"href":"https:\/\/menjiii.com\/fr\/wp-json\/wp\/v2\/types\/product"}],"replies":[{"embeddable":true,"href":"https:\/\/menjiii.com\/fr\/wp-json\/wp\/v2\/comments?post=838"}],"wp:featuredmedia":[{"embeddable":true,"href":"https:\/\/menjiii.com\/fr\/wp-json\/wp\/v2\/media\/854"}],"wp:attachment":[{"href":"https:\/\/menjiii.com\/fr\/wp-json\/wp\/v2\/media?parent=838"}],"wp:term":[{"taxonomy":"product_brand","embeddable":true,"href":"https:\/\/menjiii.com\/fr\/wp-json\/wp\/v2\/product_brand?post=838"},{"taxonomy":"product_cat","embeddable":true,"href":"https:\/\/menjiii.com\/fr\/wp-json\/wp\/v2\/product_cat?post=838"},{"taxonomy":"product_tag","embeddable":true,"href":"https:\/\/menjiii.com\/fr\/wp-json\/wp\/v2\/product_tag?post=838"}],"curies":[{"name":"wp","href":"https:\/\/api.w.org\/{rel}","templated":true}]}}