{"id":903,"date":"2025-07-22T15:35:09","date_gmt":"2025-07-22T15:35:09","guid":{"rendered":"https:\/\/menjiii.com\/?post_type=product&#038;p=903"},"modified":"2025-10-18T00:02:13","modified_gmt":"2025-10-18T00:02:13","slug":"ensemble-de-sortie-de-maternite-5-pieces-en-coton-100-biologique-avec-motif-ballon","status":"publish","type":"product","link":"https:\/\/menjiii.com\/fr\/produit\/ensemble-de-sortie-de-maternite-5-pieces-en-coton-100-biologique-avec-motif-ballon\/","title":{"rendered":"Ensemble de sortie de maternit\u00e9 5 pi\u00e8ces en coton 100 % biologique avec motif ballon"},"content":{"rendered":"<p>Enveloppez votre nouveau-n\u00e9 de douceur et de charme avec notre magnifique ensemble naissance de 5 pi\u00e8ces, con\u00e7u pour un confort optimal d\u00e8s les premiers jours. Fabriqu\u00e9 en coton de haute qualit\u00e9, cet ensemble est incroyablement doux, respirant et d\u00e9licat pour la peau sensible des tout-petits.<\/p>\n<p>Chaque pi\u00e8ce est d&#8217;un rose tendre et est subtilement parsem\u00e9e de petits points ou \u00e9claboussures de couleur plus fonc\u00e9e, ajoutant une touche ludique et discr\u00e8te. L&#8217;ensemble complet comprend :<\/p>\n<ul>\n<li><b>Un gilet \u00e0 manches longues<\/b> : Dot\u00e9 de boutons-pression sur le devant pour un habillage facile et rapide. Il arbore \u00e9galement un petit motif de c\u0153ur sur la poitrine, ajoutant une touche de tendresse.<\/li>\n<li><b>Un pantalon avec pieds int\u00e9gr\u00e9s<\/b> : Id\u00e9al pour garder les petits pieds bien au chaud et confortables.<\/li>\n<li><b>Un bonnet assorti<\/b> : Simple et doux, il prot\u00e8ge la t\u00eate de b\u00e9b\u00e9.<\/li>\n<li><b>Des moufles douces<\/b> : Pour \u00e9viter les petites \u00e9gratignures et maintenir les mains au chaud.<\/li>\n<li><b>Un bavoir pratique en forme de bandana<\/b> : Facile \u00e0 attacher, il est parfait pour les repas et les r\u00e9gurgitations.<\/li>\n<\/ul>\n<p>Pr\u00e9sent\u00e9 de mani\u00e8re soign\u00e9e (avec des \u00e9l\u00e9ments en bois sugg\u00e9rant un esprit naturel), cet ensemble est le cadeau id\u00e9al pour une baby shower, une naissance, ou simplement pour offrir \u00e0 un petit tr\u00e9sor. Confortable, mignon et de haute qualit\u00e9, il est s\u00fbr de faire fondre les c\u0153urs.<\/p>","protected":false},"excerpt":{"rendered":"<p>Adoptez la douceur avec cet adorable ensemble naissance 5 pi\u00e8ces en coton rose, orn\u00e9 de petits points. Inclut un gilet, un pantalon, un bonnet, des moufles et un bavoir. Le cadeau parfait pour b\u00e9b\u00e9.<\/p>","protected":false},"featured_media":906,"comment_status":"open","ping_status":"closed","template":"","meta":{"nf_dc_page":""},"product_brand":[],"product_cat":[27,28],"product_tag":[],"class_list":{"0":"post-903","1":"product","2":"type-product","3":"status-publish","4":"has-post-thumbnail","6":"product_cat-bebe","7":"product_cat-ensemble-bebe","9":"first","10":"instock","11":"taxable","12":"shipping-taxable","13":"purchasable","14":"product-type-variable"},"_links":{"self":[{"href":"https:\/\/menjiii.com\/fr\/wp-json\/wp\/v2\/product\/903","targetHints":{"allow":["GET"]}}],"collection":[{"href":"https:\/\/menjiii.com\/fr\/wp-json\/wp\/v2\/product"}],"about":[{"href":"https:\/\/menjiii.com\/fr\/wp-json\/wp\/v2\/types\/product"}],"replies":[{"embeddable":true,"href":"https:\/\/menjiii.com\/fr\/wp-json\/wp\/v2\/comments?post=903"}],"wp:featuredmedia":[{"embeddable":true,"href":"https:\/\/menjiii.com\/fr\/wp-json\/wp\/v2\/media\/906"}],"wp:attachment":[{"href":"https:\/\/menjiii.com\/fr\/wp-json\/wp\/v2\/media?parent=903"}],"wp:term":[{"taxonomy":"product_brand","embeddable":true,"href":"https:\/\/menjiii.com\/fr\/wp-json\/wp\/v2\/product_brand?post=903"},{"taxonomy":"product_cat","embeddable":true,"href":"https:\/\/menjiii.com\/fr\/wp-json\/wp\/v2\/product_cat?post=903"},{"taxonomy":"product_tag","embeddable":true,"href":"https:\/\/menjiii.com\/fr\/wp-json\/wp\/v2\/product_tag?post=903"}],"curies":[{"name":"wp","href":"https:\/\/api.w.org\/{rel}","templated":true}]}}