{"id":972,"date":"2025-09-05T09:14:04","date_gmt":"2025-09-05T09:14:04","guid":{"rendered":"https:\/\/menjiii.com\/?post_type=product&#038;p=972"},"modified":"2025-10-18T00:02:14","modified_gmt":"2025-10-18T00:02:14","slug":"ensemble-de-5-bavettes-mignon-pour-bebe-etoile-et-lapin","status":"publish","type":"product","link":"https:\/\/menjiii.com\/fr\/produit\/ensemble-de-5-bavettes-mignon-pour-bebe-etoile-et-lapin\/","title":{"rendered":"Ensemble de 5 Bavettes Mignon pour B\u00e9b\u00e9 \u00c9toile et Lapin"},"content":{"rendered":"<p>Offrez \u00e0 votre nouveau-n\u00e9 un confort et un style adorables avec cet ensemble complet et super mignon. Con\u00e7u pour les premiers mois de la vie de b\u00e9b\u00e9, cet ensemble de cinq pi\u00e8ces est le cadeau parfait pour une nouvelle maman ou un futur parent.<\/p>\n<p>Le coffret inclut :<\/p>\n<ul>\n<li><b>Une bavette principale<\/b> avec une broderie d&#8217;\u00e9l\u00e9phant et un c\u0153ur, parfait pour les repas de tous les jours.<\/li>\n<li><b>Quatre bavettes suppl\u00e9mentaires<\/b> :\n<ul>\n<li><b>Deux bavettes bleus<\/b> avec des broderies de lapin et d&#8217;\u00e9toile.<\/li>\n<li><b>Deux bavettes blancs<\/b> avec des broderies d&#8217;\u00e9toiles souriantes.<\/li>\n<\/ul>\n<\/li>\n<\/ul>\n<p>Fabriqu\u00e9s avec des tissus doux et de haute qualit\u00e9, toutes les bavettes sont con\u00e7us pour prot\u00e9ger les v\u00eatements de b\u00e9b\u00e9 des taches pendant les repas. Les motifs charmants et les couleurs douces font de cet ensemble un ajout essentiel et mignon \u00e0 la garde-robe de votre petit tr\u00e9sor.<\/p>","protected":false},"excerpt":{"rendered":"<p>Id\u00e9al pour un cadeau de naissance, ce charmant ensemble comprend une bavette avec un \u00e9l\u00e9phant brod\u00e9. De plus, il vient avec quatre bavettes suppl\u00e9mentaires : deux bleus et deux blancs, tous d\u00e9cor\u00e9s de motifs adorables comme des \u00e9toiles et des lapins. C&#8217;est l&#8217;ensemble parfait pour les repas de b\u00e9b\u00e9 et pour prot\u00e9ger ses v\u00eatements.<\/p>","protected":false},"featured_media":982,"comment_status":"open","ping_status":"closed","template":"","meta":{"nf_dc_page":""},"product_brand":[],"product_cat":[50,27],"product_tag":[],"class_list":{"0":"post-972","1":"product","2":"type-product","3":"status-publish","4":"has-post-thumbnail","6":"product_cat-bavettes","7":"product_cat-bebe","9":"first","10":"instock","11":"taxable","12":"shipping-taxable","13":"purchasable","14":"product-type-variable"},"_links":{"self":[{"href":"https:\/\/menjiii.com\/fr\/wp-json\/wp\/v2\/product\/972","targetHints":{"allow":["GET"]}}],"collection":[{"href":"https:\/\/menjiii.com\/fr\/wp-json\/wp\/v2\/product"}],"about":[{"href":"https:\/\/menjiii.com\/fr\/wp-json\/wp\/v2\/types\/product"}],"replies":[{"embeddable":true,"href":"https:\/\/menjiii.com\/fr\/wp-json\/wp\/v2\/comments?post=972"}],"wp:featuredmedia":[{"embeddable":true,"href":"https:\/\/menjiii.com\/fr\/wp-json\/wp\/v2\/media\/982"}],"wp:attachment":[{"href":"https:\/\/menjiii.com\/fr\/wp-json\/wp\/v2\/media?parent=972"}],"wp:term":[{"taxonomy":"product_brand","embeddable":true,"href":"https:\/\/menjiii.com\/fr\/wp-json\/wp\/v2\/product_brand?post=972"},{"taxonomy":"product_cat","embeddable":true,"href":"https:\/\/menjiii.com\/fr\/wp-json\/wp\/v2\/product_cat?post=972"},{"taxonomy":"product_tag","embeddable":true,"href":"https:\/\/menjiii.com\/fr\/wp-json\/wp\/v2\/product_tag?post=972"}],"curies":[{"name":"wp","href":"https:\/\/api.w.org\/{rel}","templated":true}]}}