{"id":991,"date":"2025-09-05T09:36:33","date_gmt":"2025-09-05T09:36:33","guid":{"rendered":"https:\/\/menjiii.com\/?post_type=product&#038;p=991"},"modified":"2025-10-18T00:02:14","modified_gmt":"2025-10-18T00:02:14","slug":"lot-de-3-bavettes-bebe-animaux-de-la-jungle","status":"publish","type":"product","link":"https:\/\/menjiii.com\/fr\/produit\/lot-de-3-bavettes-bebe-animaux-de-la-jungle\/","title":{"rendered":"Lot de 3 Bavettes B\u00e9b\u00e9 Animaux de la Jungle"},"content":{"rendered":"<p>Cet ensemble de trois bavettes est un ajout indispensable et charmant \u00e0 la collection de tout-petit. Avec des motifs d&#8217;animaux mignons, ces bavettes sont aussi pratiques que mignonnes. Parfaits pour un usage quotidien, ils gardent les v\u00eatements de b\u00e9b\u00e9 propres et secs, que ce soit pour le repas ou le jeu.<\/p>\n<p>Le coffret inclut :<\/p>\n<ul>\n<li><b>Une bavette verte sauge<\/b> avec un adorable <b>renard<\/b> endormi.<\/li>\n<li><b>Une bavette blanche cass\u00e9e<\/b> avec un <b>singe<\/b> fac\u00e9tieux.<\/li>\n<li><b>Une bavette jaune moutarde<\/b> avec une <b>girafe<\/b> ensoleill\u00e9e.<\/li>\n<\/ul>\n<p>Fabriqu\u00e9s avec un tissu doux et absorbant, ces bavettes sont d\u00e9licats sur la peau de b\u00e9b\u00e9 et faciles \u00e0 entretenir. Leurs couleurs tendances et leurs motifs d&#8217;animaux de la jungle en font le cadeau id\u00e9al pour toute future maman qui appr\u00e9cie le style.<\/p>","protected":false},"excerpt":{"rendered":"<p>Un ensemble de trois bavettes adorables pour b\u00e9b\u00e9, parfaits pour un cadeau de naissance ou pour la vie de tous les jours. Ce lot comprend une bavette vert avec un renard, une bavette blanche avec un singe, et une bavette jaune avec une girafe. Elles sont con\u00e7ues pour \u00eatre douces et pour prot\u00e9ger les v\u00eatements de b\u00e9b\u00e9 des taches pendant les repas.<\/p>","protected":false},"featured_media":994,"comment_status":"open","ping_status":"closed","template":"","meta":{"nf_dc_page":""},"product_brand":[],"product_cat":[50,27],"product_tag":[],"class_list":{"0":"post-991","1":"product","2":"type-product","3":"status-publish","4":"has-post-thumbnail","6":"product_cat-bavettes","7":"product_cat-bebe","9":"first","10":"instock","11":"taxable","12":"shipping-taxable","13":"purchasable","14":"product-type-variable"},"_links":{"self":[{"href":"https:\/\/menjiii.com\/fr\/wp-json\/wp\/v2\/product\/991","targetHints":{"allow":["GET"]}}],"collection":[{"href":"https:\/\/menjiii.com\/fr\/wp-json\/wp\/v2\/product"}],"about":[{"href":"https:\/\/menjiii.com\/fr\/wp-json\/wp\/v2\/types\/product"}],"replies":[{"embeddable":true,"href":"https:\/\/menjiii.com\/fr\/wp-json\/wp\/v2\/comments?post=991"}],"wp:featuredmedia":[{"embeddable":true,"href":"https:\/\/menjiii.com\/fr\/wp-json\/wp\/v2\/media\/994"}],"wp:attachment":[{"href":"https:\/\/menjiii.com\/fr\/wp-json\/wp\/v2\/media?parent=991"}],"wp:term":[{"taxonomy":"product_brand","embeddable":true,"href":"https:\/\/menjiii.com\/fr\/wp-json\/wp\/v2\/product_brand?post=991"},{"taxonomy":"product_cat","embeddable":true,"href":"https:\/\/menjiii.com\/fr\/wp-json\/wp\/v2\/product_cat?post=991"},{"taxonomy":"product_tag","embeddable":true,"href":"https:\/\/menjiii.com\/fr\/wp-json\/wp\/v2\/product_tag?post=991"}],"curies":[{"name":"wp","href":"https:\/\/api.w.org\/{rel}","templated":true}]}}